{"id":21,"date":"2022-08-06T23:48:02","date_gmt":"2022-08-06T23:48:02","guid":{"rendered":"https:\/\/poderepalazzina.com\/?page_id=21"},"modified":"2025-11-29T00:33:33","modified_gmt":"2025-11-29T00:33:33","slug":"retreats","status":"publish","type":"page","link":"https:\/\/poderepalazzina.com\/it\/retreats\/","title":{"rendered":"Ritiri"},"content":{"rendered":"\t\t<div data-elementor-type=\"wp-page\" data-elementor-id=\"21\" class=\"elementor elementor-21\" data-elementor-post-type=\"page\">\n\t\t\t\t<div class=\"elementor-element elementor-element-8ce0e0a e-flex e-con-boxed e-con e-parent\" data-id=\"8ce0e0a\" data-element_type=\"container\" data-e-type=\"container\" data-settings=\"{&quot;background_background&quot;:&quot;slideshow&quot;,&quot;background_slideshow_gallery&quot;:[{&quot;id&quot;:732,&quot;url&quot;:&quot;https:\\\/\\\/poderepalazzina.com\\\/wp-content\\\/uploads\\\/Podere-Palazzina-Yoga-Retreats-0.jpg&quot;},{&quot;id&quot;:735,&quot;url&quot;:&quot;https:\\\/\\\/poderepalazzina.com\\\/wp-content\\\/uploads\\\/Podere-Palazzina-Yoga-Retreats-03.jpg&quot;}],&quot;background_slideshow_slide_duration&quot;:5500,&quot;background_slideshow_transition_duration&quot;:5500,&quot;background_slideshow_loop&quot;:&quot;yes&quot;,&quot;background_slideshow_slide_transition&quot;:&quot;fade&quot;}\">\n\t\t\t\t\t<div class=\"e-con-inner\">\n\t\t\t\t<div class=\"elementor-element elementor-element-a1c76d7 elementor-widget elementor-widget-heading\" data-id=\"a1c76d7\" data-element_type=\"widget\" data-e-type=\"widget\" data-widget_type=\"heading.default\">\n\t\t\t\t\t<h1 class=\"elementor-heading-title elementor-size-default\">Retreats<\/h1>\t\t\t\t<\/div>\n\t\t\t\t<div class=\"elementor-element elementor-element-903e637 elementor-widget elementor-widget-heading\" data-id=\"903e637\" data-element_type=\"widget\" data-e-type=\"widget\" data-widget_type=\"heading.default\">\n\t\t\t\t\t<h2 class=\"elementor-heading-title elementor-size-default\">Seminars, Workshops or simply vacation in the Maremma.<\/h2>\t\t\t\t<\/div>\n\t\t\t\t\t<\/div>\n\t\t\t\t<\/div>\n\t\t<div class=\"elementor-element elementor-element-853a326 e-flex e-con-boxed e-con e-parent\" data-id=\"853a326\" data-element_type=\"container\" data-e-type=\"container\">\n\t\t\t\t\t<div class=\"e-con-inner\">\n\t\t<div class=\"elementor-element elementor-element-6a17e0e e-flex e-con-boxed e-con e-child\" data-id=\"6a17e0e\" data-element_type=\"container\" data-e-type=\"container\">\n\t\t\t\t\t<div class=\"e-con-inner\">\n\t\t\t\t<div class=\"elementor-element elementor-element-b9bbfcf elementor-widget elementor-widget-heading\" data-id=\"b9bbfcf\" data-element_type=\"widget\" data-e-type=\"widget\" data-widget_type=\"heading.default\">\n\t\t\t\t\t<h3 class=\"elementor-heading-title elementor-size-default\">Podere Palazzina\u200b Retreats<\/h3>\t\t\t\t<\/div>\n\t\t\t\t<div class=\"elementor-element elementor-element-21e5432 elementor-widget elementor-widget-heading\" data-id=\"21e5432\" data-element_type=\"widget\" data-e-type=\"widget\" data-widget_type=\"heading.default\">\n\t\t\t\t\t<span class=\"elementor-heading-title elementor-size-default\">Opposite the main House lies The \u201cStalla\u201d, so called since once it was a cowshed; it has recently been restructured and offers now a charming room with a wooden floor, where most of Podere Palazzina\u2019s activities take place, such as seminars, courses, conferences, workshops as well as birthday parties and group dinners.<\/span>\t\t\t\t<\/div>\n\t\t\t\t<div class=\"elementor-element elementor-element-7a81bd7 elementor-widget elementor-widget-heading\" data-id=\"7a81bd7\" data-element_type=\"widget\" data-e-type=\"widget\" data-widget_type=\"heading.default\">\n\t\t\t\t\t<span class=\"elementor-heading-title elementor-size-default\">The Stalla is large enough for groups of up to 15 people comfortably, with mattresses, chairs, tables, and a music system available.<\/span>\t\t\t\t<\/div>\n\t\t\t\t<div class=\"elementor-element elementor-element-14ee603 elementor-widget elementor-widget-heading\" data-id=\"14ee603\" data-element_type=\"widget\" data-e-type=\"widget\" data-widget_type=\"heading.default\">\n\t\t\t\t\t<span class=\"elementor-heading-title elementor-size-default\">For the participants of the seminars\/workshops full board will be provided, and Anastasia prepares local specialties of the area. Vegetarian or special meals for glutine and lactose intolerance are available on request.<\/span>\t\t\t\t<\/div>\n\t\t\t\t<div class=\"elementor-element elementor-element-1af2915 elementor-widget elementor-widget-heading\" data-id=\"1af2915\" data-element_type=\"widget\" data-e-type=\"widget\" data-widget_type=\"heading.default\">\n\t\t\t\t\t<span class=\"elementor-heading-title elementor-size-default\">The Retreat Location is the Podere Palazzina. This Etruscan Palace is built into the side of an Etruscan cave complex renovated lovingly over the past twenty years by its owner Thilo Brauer.\u00a0 Thilo, himself trained in Chinese medicine and acupuncture, grows much of the produce used for the food preparation, and sources the rest from the local markets in the villages surrounding the property. He encapsulates wellbeing and healthy living in a truly organic way.<\/span>\t\t\t\t<\/div>\n\t\t\t\t<div class=\"elementor-element elementor-element-592d0e4 elementor-widget elementor-widget-heading\" data-id=\"592d0e4\" data-element_type=\"widget\" data-e-type=\"widget\" data-widget_type=\"heading.default\">\n\t\t\t\t\t<span class=\"elementor-heading-title elementor-size-default\">For further information on retreats or if you are interested in hosting a retreat at La Stalla please email poderepalazzina@gmail.com<\/span>\t\t\t\t<\/div>\n\t\t<div class=\"elementor-element elementor-element-5d5cace e-flex e-con-boxed e-con e-child\" data-id=\"5d5cace\" data-element_type=\"container\" data-e-type=\"container\">\n\t\t\t\t\t<div class=\"e-con-inner\">\n\t\t\t\t<div class=\"elementor-element elementor-element-838d169 elementor-widget__width-auto elementor-widget elementor-widget-heading\" data-id=\"838d169\" data-element_type=\"widget\" data-e-type=\"widget\" data-widget_type=\"heading.default\">\n\t\t\t\t\t<h4 class=\"elementor-heading-title elementor-size-default\">Costs<\/h4>\t\t\t\t<\/div>\n\t\t\t\t\t<\/div>\n\t\t\t\t<\/div>\n\t\t\t\t<div class=\"elementor-element elementor-element-abf7994 elementor-widget__width-inherit pp-table-center elementor-widget elementor-widget-pp-table\" data-id=\"abf7994\" data-element_type=\"widget\" data-e-type=\"widget\" data-settings=\"{&quot;table_type&quot;:&quot;responsive&quot;,&quot;scrollable&quot;:&quot;no&quot;}\" data-widget_type=\"pp-table.default\">\n\t\t\t\t\t\t\t<div class=\"pp-table-container\">\n\t\t\t<table \n\t\t\tclass=\"pp-table tablesaw\" data-tablesaw-mode=\"stack\"\t\t\t\t>\n\t\t\t\t\t\t\t<colgroup>\n\t\t\t\t\t\t\t\t<col\n\t\t\t\t\tspan=\"\"\n\t\t\t\t\tclass=\"elementor-repeater-item-db66318\"\n\t\t\t\t\t\t\t\t\t\t\tstyle=\"\n\t\t\t\t\t\t\t\t\t\t\t\t\t\t\t\t\t\t\t\t\"\n\t\t\t\t\t\t\t\t\t\t>\n\t\t\t\t\t\t\t<\/colgroup>\n\t\t\t\t\t\t<thead>\n\t\t\t\t<tr class=\"pp-table-row\">\n\t\t\t\t\t<th class=\"pp-table-cell pp-table-cell-51686de\"><span class=\"pp-table-cell-content\"><span class=\"pp-table-cell-text\">Room type<\/span><\/span><\/th><th class=\"pp-table-cell pp-table-cell-1be60ab\"><span class=\"pp-table-cell-content\"><span class=\"pp-table-cell-text\">Occupancy<\/span><\/span><\/th><th class=\"pp-table-cell pp-table-cell-9c3c917\"><span class=\"pp-table-cell-content\"><span class=\"pp-table-cell-text\">Price <div class=\"tb-header-sub\">(per week)<\/div><\/span><\/span><\/th>\t\t\t\t<\/tr>\n\t\t\t<\/thead>\n\t\t\t\t\t<tfoot>\n\t\t\t<\/tr>\t\t<\/tfoot>\n\t\t\t\t<tbody>\n\t\t\t<tr ><td class=\"pp-table-cell pp-table-cell-3316fc5\"><span class=\"pp-table-cell-content\"><span class=\"pp-table-cell-text\">Double room<\/span><\/span><\/td><td class=\"pp-table-cell pp-table-cell-a0106cd\"><span class=\"pp-table-cell-content\"><span class=\"pp-table-cell-text\">Shared<\/span><\/span><\/td><td class=\"pp-table-cell pp-table-cell-40feb30\"><span class=\"pp-table-cell-content\"><span class=\"pp-table-cell-text\">\u20ac1750,-<\/span><\/span><\/td><\/tr><tr ><td class=\"pp-table-cell pp-table-cell-3b10ea3\"><span class=\"pp-table-cell-content\"><span class=\"pp-table-cell-text\">Double room<\/span><\/span><\/td><td class=\"pp-table-cell pp-table-cell-4939f6e\"><span class=\"pp-table-cell-content\"><span class=\"pp-table-cell-text\">Single<\/span><\/span><\/td><td class=\"pp-table-cell pp-table-cell-750d320\"><span class=\"pp-table-cell-content\"><span class=\"pp-table-cell-text\">\u20ac2250,-<\/span><\/span><\/td><\/tr><tr ><td class=\"pp-table-cell pp-table-cell-100a7e3\"><span class=\"pp-table-cell-content\"><span class=\"pp-table-cell-text\">Triple room<\/span><\/span><\/td><td class=\"pp-table-cell pp-table-cell-600ae51\"><span class=\"pp-table-cell-content\"><span class=\"pp-table-cell-text\">Shared<\/span><\/span><\/td><td class=\"pp-table-cell pp-table-cell-9821b0c\"><span class=\"pp-table-cell-content\"><span class=\"pp-table-cell-text\">\u20ac1500,-<\/span><\/span><\/td><\/tr>\t\t<\/tbody>\n\t\t\t\t\t<\/table>\n\t\t<\/div>\n\t\t\t\t\t\t<\/div>\n\t\t\t\t<div class=\"elementor-element elementor-element-e7d41ce elementor-widget__width-auto elementor-widget elementor-widget-heading\" data-id=\"e7d41ce\" data-element_type=\"widget\" data-e-type=\"widget\" data-widget_type=\"heading.default\">\n\t\t\t\t\t<span class=\"elementor-heading-title elementor-size-default\">Deposit \u20ac500<\/span>\t\t\t\t<\/div>\n\t\t\t\t<div class=\"elementor-element elementor-element-daa726b elementor-widget elementor-widget-button\" data-id=\"daa726b\" data-element_type=\"widget\" data-e-type=\"widget\" data-widget_type=\"button.default\">\n\t\t\t\t\t\t\t\t\t\t<a class=\"elementor-button elementor-button-link elementor-size-sm\" href=\"https:\/\/poderepalazzina.com\/glow-pilates-invites-you-to-a-tuscan-retreat\/\">\n\t\t\t\t\t\t<span class=\"elementor-button-content-wrapper\">\n\t\t\t\t\t\t\t\t\t<span class=\"elementor-button-text\">Glow Pilates Retreats<\/span>\n\t\t\t\t\t<\/span>\n\t\t\t\t\t<\/a>\n\t\t\t\t\t\t\t\t<\/div>\n\t\t\t\t\t<\/div>\n\t\t\t\t<\/div>\n\t\t<div class=\"elementor-element elementor-element-e72e5a3 e-flex e-con-boxed e-con e-child\" data-id=\"e72e5a3\" data-element_type=\"container\" data-e-type=\"container\" data-settings=\"{&quot;background_background&quot;:&quot;classic&quot;}\">\n\t\t\t\t\t<div class=\"e-con-inner\">\n\t\t\t\t<div class=\"elementor-element elementor-element-36fb690 elementor-widget elementor-widget-heading\" data-id=\"36fb690\" data-element_type=\"widget\" data-e-type=\"widget\" data-widget_type=\"heading.default\">\n\t\t\t\t\t<span class=\"elementor-heading-title elementor-size-default\">To book the retreat centre please add your personal information<\/span>\t\t\t\t<\/div>\n\t\t\t\t<div class=\"elementor-element elementor-element-44bec50 elementor-tablet-button-align-stretch elementor-widget-mobile__width-inherit elementor-button-align-stretch elementor-widget elementor-widget-form\" data-id=\"44bec50\" data-element_type=\"widget\" data-e-type=\"widget\" data-settings=\"{&quot;step_next_label&quot;:&quot;Next&quot;,&quot;step_previous_label&quot;:&quot;Previous&quot;,&quot;step_type&quot;:&quot;none&quot;,&quot;step_icon_shape&quot;:&quot;none&quot;,&quot;button_width&quot;:&quot;100&quot;}\" data-widget_type=\"form.default\">\n\t\t\t\t\t\t\t<form class=\"elementor-form\" method=\"post\" id=\"retreats_reservation_form\" name=\"Retreats Reservation Form\" aria-label=\"Retreats Reservation Form\">\n\t\t\t<input type=\"hidden\" name=\"post_id\" value=\"21\"\/>\n\t\t\t<input type=\"hidden\" name=\"form_id\" value=\"44bec50\"\/>\n\t\t\t<input type=\"hidden\" name=\"referer_title\" value=\"\" \/>\n\n\t\t\t\n\t\t\t<div class=\"elementor-form-fields-wrapper elementor-labels-above\">\n\t\t\t\t\t\t\t\t<div class=\"elementor-field-type-html elementor-field-group elementor-column elementor-field-group-field_8068b11 elementor-col-100\">\n\t\t\t\t\t<h4>Personal info<\/h4>\t\t\t\t<\/div>\n\t\t\t\t\t\t\t\t<div class=\"elementor-field-type-text elementor-field-group elementor-column elementor-field-group-field_firstname elementor-col-50 elementor-field-required elementor-mark-required\">\n\t\t\t\t\t\t\t\t\t\t\t\t<label for=\"form-field-field_firstname\" class=\"elementor-field-label\">\n\t\t\t\t\t\t\t\tFirst name\t\t\t\t\t\t\t<\/label>\n\t\t\t\t\t\t\t\t\t\t\t\t\t\t<input size=\"1\" type=\"text\" name=\"form_fields[field_firstname]\" id=\"form-field-field_firstname\" class=\"elementor-field elementor-size-md  elementor-field-textual\" placeholder=\"Fill in your first name\" required=\"required\">\n\t\t\t\t\t\t\t\t\t\t\t<\/div>\n\t\t\t\t\t\t\t\t<div class=\"elementor-field-type-text elementor-field-group elementor-column elementor-field-group-field_lastname elementor-col-50 elementor-field-required elementor-mark-required\">\n\t\t\t\t\t\t\t\t\t\t\t\t<label for=\"form-field-field_lastname\" class=\"elementor-field-label\">\n\t\t\t\t\t\t\t\tLast name\t\t\t\t\t\t\t<\/label>\n\t\t\t\t\t\t\t\t\t\t\t\t\t\t<input size=\"1\" type=\"text\" name=\"form_fields[field_lastname]\" id=\"form-field-field_lastname\" class=\"elementor-field elementor-size-md  elementor-field-textual\" placeholder=\"Fill in your last name\" required=\"required\">\n\t\t\t\t\t\t\t\t\t\t\t<\/div>\n\t\t\t\t\t\t\t\t<div class=\"elementor-field-type-text elementor-field-group elementor-column elementor-field-group-field_address elementor-col-50\">\n\t\t\t\t\t\t\t\t\t\t\t\t<label for=\"form-field-field_address\" class=\"elementor-field-label\">\n\t\t\t\t\t\t\t\tAddress\t\t\t\t\t\t\t<\/label>\n\t\t\t\t\t\t\t\t\t\t\t\t\t\t<input size=\"1\" type=\"text\" name=\"form_fields[field_address]\" id=\"form-field-field_address\" class=\"elementor-field elementor-size-md  elementor-field-textual\" placeholder=\"Fill in your address\">\n\t\t\t\t\t\t\t\t\t\t\t<\/div>\n\t\t\t\t\t\t\t\t<div class=\"elementor-field-type-text elementor-field-group elementor-column elementor-field-group-field_city elementor-col-50\">\n\t\t\t\t\t\t\t\t\t\t\t\t<label for=\"form-field-field_city\" class=\"elementor-field-label\">\n\t\t\t\t\t\t\t\tCAP\/City\t\t\t\t\t\t\t<\/label>\n\t\t\t\t\t\t\t\t\t\t\t\t\t\t<input size=\"1\" type=\"text\" name=\"form_fields[field_city]\" id=\"form-field-field_city\" class=\"elementor-field elementor-size-md  elementor-field-textual\" placeholder=\"Fill in your CAP\/City\">\n\t\t\t\t\t\t\t\t\t\t\t<\/div>\n\t\t\t\t\t\t\t\t<div class=\"elementor-field-type-text elementor-field-group elementor-column elementor-field-group-field_nation elementor-col-50\">\n\t\t\t\t\t\t\t\t\t\t\t\t<label for=\"form-field-field_nation\" class=\"elementor-field-label\">\n\t\t\t\t\t\t\t\tNation\t\t\t\t\t\t\t<\/label>\n\t\t\t\t\t\t\t\t\t\t\t\t\t\t<input size=\"1\" type=\"text\" name=\"form_fields[field_nation]\" id=\"form-field-field_nation\" class=\"elementor-field elementor-size-md  elementor-field-textual\" placeholder=\"Fill in your nation\">\n\t\t\t\t\t\t\t\t\t\t\t<\/div>\n\t\t\t\t\t\t\t\t<div class=\"elementor-field-type-tel elementor-field-group elementor-column elementor-field-group-field_tel elementor-col-50 elementor-field-required elementor-mark-required\">\n\t\t\t\t\t\t\t\t\t\t\t\t<label for=\"form-field-field_tel\" class=\"elementor-field-label\">\n\t\t\t\t\t\t\t\tTelephone\t\t\t\t\t\t\t<\/label>\n\t\t\t\t\t\t\t\t<input size=\"1\" type=\"tel\" name=\"form_fields[field_tel]\" id=\"form-field-field_tel\" class=\"elementor-field elementor-size-md  elementor-field-textual\" placeholder=\"Fill in your telephone number\" required=\"required\" pattern=\"[0-9()#&amp;+*-=.]+\" title=\"Sono accettati solo numeri e caratteri telefonici (#, -, *, ecc.).\">\n\n\t\t\t\t\t\t<\/div>\n\t\t\t\t\t\t\t\t<div class=\"elementor-field-type-email elementor-field-group elementor-column elementor-field-group-email elementor-col-100 elementor-field-required elementor-mark-required\">\n\t\t\t\t\t\t\t\t\t\t\t\t<label for=\"form-field-email\" class=\"elementor-field-label\">\n\t\t\t\t\t\t\t\tEmail\t\t\t\t\t\t\t<\/label>\n\t\t\t\t\t\t\t\t\t\t\t\t\t\t<input size=\"1\" type=\"email\" name=\"form_fields[email]\" id=\"form-field-email\" class=\"elementor-field elementor-size-md  elementor-field-textual\" placeholder=\"Email\" required=\"required\">\n\t\t\t\t\t\t\t\t\t\t\t<\/div>\n\t\t\t\t\t\t\t\t<div class=\"elementor-field-type-date elementor-field-group elementor-column elementor-field-group-field_reservation_date elementor-col-100 elementor-field-required elementor-mark-required\">\n\t\t\t\t\t\t\t\t\t\t\t\t<label for=\"form-field-field_reservation_date\" class=\"elementor-field-label\">\n\t\t\t\t\t\t\t\tReservation Date\t\t\t\t\t\t\t<\/label>\n\t\t\t\t\t\t\n\t\t<input type=\"date\" name=\"form_fields[field_reservation_date]\" id=\"form-field-field_reservation_date\" class=\"elementor-field elementor-size-md  elementor-field-textual elementor-date-field\" placeholder=\"Click to select your\" required=\"required\" pattern=\"[0-9]{4}-[0-9]{2}-[0-9]{2}\">\n\t\t\t\t\t\t<\/div>\n\t\t\t\t\t\t\t\t<div class=\"elementor-field-type-html elementor-field-group elementor-column elementor-field-group-field_55c7127 elementor-col-100\">\n\t\t\t\t\t<h4>Payment info<\/h4>\t\t\t\t<\/div>\n\t\t\t\t\t\t\t\t<div class=\"elementor-field-type-radio elementor-field-group elementor-column elementor-field-group-field_payment elementor-col-50 elementor-field-required elementor-mark-required\">\n\t\t\t\t\t\t\t\t\t\t\t\t<label for=\"form-field-field_payment\" class=\"elementor-field-label\">\n\t\t\t\t\t\t\t\tPayment\t\t\t\t\t\t\t<\/label>\n\t\t\t\t\t\t<div class=\"elementor-field-subgroup  elementor-subgroup-inline\"><span class=\"elementor-field-option\"><input type=\"radio\" value=\"Cash\" id=\"form-field-field_payment-0\" name=\"form_fields[field_payment]\" required=\"required\"> <label for=\"form-field-field_payment-0\">Cash<\/label><\/span><span class=\"elementor-field-option\"><input type=\"radio\" value=\"Bank Transfer\" id=\"form-field-field_payment-1\" name=\"form_fields[field_payment]\" required=\"required\"> <label for=\"form-field-field_payment-1\">Bank Transfer<\/label><\/span><\/div>\t\t\t\t<\/div>\n\t\t\t\t\t\t\t\t<div class=\"elementor-field-type-textarea elementor-field-group elementor-column elementor-field-group-message elementor-col-100\">\n\t\t\t\t\t\t\t\t\t\t\t\t<label for=\"form-field-message\" class=\"elementor-field-label\">\n\t\t\t\t\t\t\t\tMessage\t\t\t\t\t\t\t<\/label>\n\t\t\t\t\t\t<textarea class=\"elementor-field-textual elementor-field  elementor-size-md\" name=\"form_fields[message]\" id=\"form-field-message\" rows=\"10\" placeholder=\"Message\"><\/textarea>\t\t\t\t<\/div>\n\t\t\t\t\t\t\t\t<div class=\"elementor-field-type-recaptcha elementor-field-group elementor-column elementor-field-group-field_recaptcha elementor-col-100\">\n\t\t\t\t\t<div class=\"elementor-field\" id=\"form-field-field_recaptcha\"><div class=\"elementor-g-recaptcha\" data-sitekey=\"6LdC3pshAAAAAGVRwSk1rdVz3cqGfZCtvQo25CYS\" data-type=\"v2_checkbox\" data-theme=\"light\" data-size=\"normal\"><\/div><\/div>\t\t\t\t<\/div>\n\t\t\t\t\t\t\t\t<div class=\"elementor-field-group elementor-column elementor-field-type-submit elementor-col-100 e-form__buttons\">\n\t\t\t\t\t<button class=\"elementor-button elementor-size-md\" type=\"submit\">\n\t\t\t\t\t\t<span class=\"elementor-button-content-wrapper\">\n\t\t\t\t\t\t\t\t\t\t\t\t\t\t\t\t\t\t\t\t\t\t<span class=\"elementor-button-text\">Place your Reservation<\/span>\n\t\t\t\t\t\t\t\t\t\t\t\t\t<\/span>\n\t\t\t\t\t<\/button>\n\t\t\t\t<\/div>\n\t\t\t<\/div>\n\t\t<\/form>\n\t\t\t\t\t\t<\/div>\n\t\t\t\t\t<\/div>\n\t\t\t\t<\/div>\n\t\t\t\t\t<\/div>\n\t\t\t\t<\/div>\n\t\t\t\t<\/div>\n\t\t","protected":false},"excerpt":{"rendered":"<p>Seminari, workshop o semplicemente vacanze in Maremma. Podere Palazzina Retreats Di fronte alla casa principale si trova la \"Stalla\", cos\u00ec chiamata perch\u00e9 un tempo era una stalla per le mucche; recentemente \u00e8 stata ristrutturata e offre ora una graziosa sala con pavimento in legno, dove si svolgono la maggior parte delle attivit\u00e0 di Podere Palazzina, come seminari, corsi, conferenze, workshop...<\/p>","protected":false},"author":3,"featured_media":0,"parent":0,"menu_order":3,"comment_status":"closed","ping_status":"closed","template":"elementor_header_footer","meta":{"_kad_post_transparent":"default","_kad_post_title":"default","_kad_post_layout":"default","_kad_post_sidebar_id":"","_kad_post_content_style":"default","_kad_post_vertical_padding":"default","_kad_post_feature":"","_kad_post_feature_position":"","_kad_post_header":false,"_kad_post_footer":false,"_kad_post_classname":"","footnotes":""},"class_list":["post-21","page","type-page","status-publish","hentry"],"_links":{"self":[{"href":"https:\/\/poderepalazzina.com\/it\/wp-json\/wp\/v2\/pages\/21","targetHints":{"allow":["GET"]}}],"collection":[{"href":"https:\/\/poderepalazzina.com\/it\/wp-json\/wp\/v2\/pages"}],"about":[{"href":"https:\/\/poderepalazzina.com\/it\/wp-json\/wp\/v2\/types\/page"}],"author":[{"embeddable":true,"href":"https:\/\/poderepalazzina.com\/it\/wp-json\/wp\/v2\/users\/3"}],"replies":[{"embeddable":true,"href":"https:\/\/poderepalazzina.com\/it\/wp-json\/wp\/v2\/comments?post=21"}],"version-history":[{"count":0,"href":"https:\/\/poderepalazzina.com\/it\/wp-json\/wp\/v2\/pages\/21\/revisions"}],"wp:attachment":[{"href":"https:\/\/poderepalazzina.com\/it\/wp-json\/wp\/v2\/media?parent=21"}],"curies":[{"name":"wp","href":"https:\/\/api.w.org\/{rel}","templated":true}]}}