{"id":715,"date":"2023-03-10T10:08:45","date_gmt":"2023-03-10T10:08:45","guid":{"rendered":"https:\/\/poderepalazzina.com\/?page_id=715"},"modified":"2025-11-29T00:34:48","modified_gmt":"2025-11-29T00:34:48","slug":"glow-pilates-invites-you-to-a-tuscan-retreat","status":"publish","type":"page","link":"https:\/\/poderepalazzina.com\/it\/glow-pilates-invites-you-to-a-tuscan-retreat\/","title":{"rendered":"Glow pilates vi invita a un ritiro toscano"},"content":{"rendered":"<div data-elementor-type=\"wp-page\" data-elementor-id=\"715\" class=\"elementor elementor-715\" data-elementor-post-type=\"page\">\n\t\t\t\t<div class=\"elementor-element elementor-element-e7be71f e-flex e-con-boxed e-con e-parent\" data-id=\"e7be71f\" data-element_type=\"container\" data-e-type=\"container\" data-settings=\"{&quot;background_background&quot;:&quot;classic&quot;}\">\n\t\t\t\t\t<div class=\"e-con-inner\">\n\t\t\t\t<div class=\"elementor-element elementor-element-77a84a8 elementor-widget elementor-widget-heading\" data-id=\"77a84a8\" data-element_type=\"widget\" data-e-type=\"widget\" data-widget_type=\"heading.default\">\n\t\t\t\t\t<h1 class=\"elementor-heading-title elementor-size-default\">Glow pilates vi invita a un ritiro toscano<\/h1>\t\t\t\t<\/div>\n\t\t\t\t\t<\/div>\n\t\t\t\t<\/div>\n\t\t<div class=\"elementor-element elementor-element-280b793 e-flex e-con-boxed e-con e-parent\" data-id=\"280b793\" data-element_type=\"container\" data-e-type=\"container\">\n\t\t\t\t\t<div class=\"e-con-inner\">\n\t\t<div class=\"elementor-element elementor-element-71b7083 e-con-full e-flex e-con e-parent\" data-id=\"71b7083\" data-element_type=\"container\" data-e-type=\"container\" data-settings=\"{&quot;background_background&quot;:&quot;classic&quot;}\">\n\t\t<div class=\"elementor-element elementor-element-5433d34 e-con-full e-flex e-con e-parent\" data-id=\"5433d34\" data-element_type=\"container\" data-e-type=\"container\">\n\t\t\t\t<div class=\"elementor-element elementor-element-7c0ba24 elementor-widget elementor-widget-heading\" data-id=\"7c0ba24\" data-element_type=\"widget\" data-e-type=\"widget\" data-widget_type=\"heading.default\">\n\t\t\t\t\t<h2 class=\"elementor-heading-title elementor-size-default\">\"Essere \u00e8 facile quando lo permetti...\".<\/h2>\t\t\t\t<\/div>\n\t\t\t\t<div class=\"elementor-element elementor-element-b26b333 elementor-widget elementor-widget-text-editor\" data-id=\"b26b333\" data-element_type=\"widget\" data-e-type=\"widget\" data-widget_type=\"text-editor.default\">\n\t\t\t\t\t\t\t\t\t<p>Respirare, rafforzare e allungare la vita con Laura Anderson Mancini<\/p><p>Uscite dalla routine e immergetevi nella calma ristoratrice della campagna toscana. Un momento per immergersi nel benessere in uno dei luoghi pi\u00f9 belli del mondo.<\/p><p>\"Una miscela unica di Pilates con enfasi su respirazione, tecniche di rilassamento e stretching libera le restrizioni e gli irrigidimenti dei muscoli corti e permette al corpo di scoprire la sua corretta postura e le connessioni muscolari, lasciandolo scivolare e forte, pronto ad affrontare i rigori della vita quotidiana.\"<\/p>\t\t\t\t\t\t\t\t<\/div>\n\t\t\t\t<\/div>\n\t\t<div class=\"elementor-element elementor-element-a752f35 e-con-full e-flex e-con e-parent\" data-id=\"a752f35\" data-element_type=\"container\" data-e-type=\"container\">\n\t\t\t\t<div class=\"elementor-element elementor-element-502c931 elementor-widget elementor-widget-heading\" data-id=\"502c931\" data-element_type=\"widget\" data-e-type=\"widget\" data-widget_type=\"heading.default\">\n\t\t\t\t\t<h3 class=\"elementor-heading-title elementor-size-default\"><strong>Il ritiro comprende:<\/strong><\/h3>\t\t\t\t<\/div>\n\t\t\t\t<div class=\"elementor-element elementor-element-0e8eeea elementor-widget elementor-widget-text-editor\" data-id=\"0e8eeea\" data-element_type=\"widget\" data-e-type=\"widget\" data-widget_type=\"text-editor.default\">\n\t\t\t\t\t\t\t\t\t<ul>\n \t<li>7 notti di alloggio<\/li>\n \t<li>6 colazione sana<\/li>\n \t<li>6 Pranzi<\/li>\n \t<li>7 Cena<\/li>\n \t<li>Sessioni quotidiane di matwork Pilates<\/li>\n \t<li>Sessioni giornaliere di Face School<\/li>\n \t<li>Tecniche e strumenti per lo stretching e l'allineamento posturale<\/li>\n \t<li>Laboratorio di meditazione e respirazione<\/li>\n \t<li>Riformatore Pilates, cadillac e piccole attrezzature in loco<\/li>\n \t<li>Escursioni alle attrazioni turistiche locali<\/li>\n<\/ul>\t\t\t\t\t\t\t\t<\/div>\n\t\t\t\t<\/div>\n\t\t<div class=\"elementor-element elementor-element-20a9476 e-con-full e-flex e-con e-parent\" data-id=\"20a9476\" data-element_type=\"container\" data-e-type=\"container\">\n\t\t\t\t<div class=\"elementor-element elementor-element-acf2d72 elementor-widget elementor-widget-image\" data-id=\"acf2d72\" data-element_type=\"widget\" data-e-type=\"widget\" data-widget_type=\"image.default\">\n\t\t\t\t\t\t\t\t\t\t\t\t\t\t\t<img loading=\"lazy\" decoding=\"async\" width=\"836\" height=\"867\" src=\"https:\/\/poderepalazzina.com\/wp-content\/uploads\/Reformer.png\" class=\"attachment-large size-large wp-image-955\" alt=\"Riformatore\" srcset=\"https:\/\/poderepalazzina.com\/wp-content\/uploads\/Reformer.png 836w, https:\/\/poderepalazzina.com\/wp-content\/uploads\/Reformer-289x300.png 289w, https:\/\/poderepalazzina.com\/wp-content\/uploads\/Reformer-768x796.png 768w, https:\/\/poderepalazzina.com\/wp-content\/uploads\/Reformer-12x12.png 12w\" sizes=\"auto, (max-width: 836px) 100vw, 836px\" \/>\t\t\t\t\t\t\t\t\t\t\t\t\t\t\t<\/div>\n\t\t\t\t<\/div>\n\t\t<div class=\"elementor-element elementor-element-19dcfb7 e-con-full e-flex e-con e-parent\" data-id=\"19dcfb7\" data-element_type=\"container\" data-e-type=\"container\">\n\t\t\t\t<div class=\"elementor-element elementor-element-ac50fe9 elementor-widget elementor-widget-text-editor\" data-id=\"ac50fe9\" data-element_type=\"widget\" data-e-type=\"widget\" data-widget_type=\"text-editor.default\">\n\t\t\t\t\t\t\t\t\t<p>Laura ha partecipato a ritiri sull'isola di Sark, Guernsey, Turchia e Finlandia. Ecco alcune testimonianze:<\/p><p><em>\"Il Sark Retreat \u00e8 stato cos\u00ec terapeutico per il corpo e la mente che vorrei fosse disponibile sulla mia ricetta per tutti i miei pazienti. \u00c8 stato un antidoto perfetto allo stress del nostro mondo moderno\".<\/em> Dott.ssa Jenny Turner, specialista in medicina dello sport alle Olimpiadi 2012<\/p><p><em>\"Laura \u00e8 un'insegnante di Pilates straordinaria che, grazie a istruzioni chiare e a un incoraggiamento gentile, mi ha ispirato a intraprendere il Pilates e a saperne di pi\u00f9.  Introduce costantemente nuove idee basate sul pensiero pi\u00f9 recente per integrare e migliorare la pratica regolare e le attivit\u00e0 extra come il nordic walking, Maria Putkisto e i ritiri a Sark.  Per me, i ritiri a Sark rimangono l'esperienza pi\u00f9 memorabile e quella che mi ha migliorato la vita. In un ambiente bellissimo, con ogni esigenza soddisfatta, un gruppo di persone che la pensano allo stesso modo ha l'opportunit\u00e0 di praticare una variet\u00e0 di attivit\u00e0 come il pilates, lo yoga, la camminata in collina e la pittura in un ambiente rilassato, con un insegnamento appropriato e tanto divertimento e risate.  Gran parte del successo \u00e8 dovuto all'esperienza e all'attenta pianificazione di Laura, che coinvolge anche altri praticanti per garantire che i ritiri offrano un mix perfetto di esperienze\".<\/em> Joanne Huxtable, Direttore delle imposte, Deloittes<\/p><p>Riportare il corpo in equilibrio con se stesso e riconnettersi alla natura permette alla mente di ritrovare un equilibrio migliore, in modo che corpo e mente possano lavorare in armonia tra loro.<\/p><p><strong>Il ritiro<\/strong> \u00e8 adatto a tutti i livelli di fitness e prevede un programma di <strong>Pilates corpo e viso<\/strong>. Sono previste circa 15 ore di lavoro corporeo nell'arco dei cinque giorni, con la possibilit\u00e0 di prenotare sessioni private one-to-one sull'attrezzatura per il pilates durante il soggiorno.<\/p><p>Le sessioni sono strutturate in modo da allungare e potenziare aspetti specifici del corpo per prepararsi al lavoro del giorno successivo. Alla fine della settimana, i partecipanti avranno completato un programma per tutto il corpo progettato per lasciare la colonna vertebrale e le articolazioni in movimento fluido e i muscoli pi\u00f9 lunghi e pi\u00f9 forti.  Le sessioni si terranno nello splendido studio appartato all'interno del Podere Palazzina.<\/p>\t\t\t\t\t\t\t\t<\/div>\n\t\t\t\t<\/div>\n\t\t<div class=\"elementor-element elementor-element-a387286 e-con-full e-flex e-con e-parent\" data-id=\"a387286\" data-element_type=\"container\" data-e-type=\"container\">\n\t\t\t\t<div class=\"elementor-element elementor-element-848fd64 elementor-widget elementor-widget-text-editor\" data-id=\"848fd64\" data-element_type=\"widget\" data-e-type=\"widget\" data-widget_type=\"text-editor.default\">\n\t\t\t\t\t\t\t\t\t<p><strong>Laura Anderson Mancini<\/strong> lavora nel mondo del Pilates da oltre due decenni ed \u00e8 un'istruttrice qualificata di matwork e attrezzature da studio. Inizialmente formata dalla Body Control Pilates Association di Lynne Robinson e Gordon Thomson, ha avuto la fortuna di imparare da alcuni dei pi\u00f9 importanti esperti di Pilates come Rael Isacowitz, Mary Bowen (uno dei Pilates Elders originali insegnati da Joseph Pilates), Elizabeth Larkam e Laurence Petersen. Ha inoltre lavorato sotto la guida dell'insegnante finlandese Marja Putkisto, classificata come una delle migliori body worker d'Europa. Il metodo Putkisto porta il Pilates in una direzione unica. Mette in evidenza le conseguenze di una respirazione superficiale, di un irrigidimento e di un accorciamento dei muscoli. Mostra come, semplicemente allungando i muscoli corti attraverso lo stretching e la respirazione profonda, si possa liberare il corpo in posizione neutra e in equilibrio ottimale.  Laura ha unito tutte le sue influenze formative al lavoro con il corpo e con il viso, per creare un programma progettato per riallineare la testa sulla colonna vertebrale, rilassare la tensione del viso e sollevare la testa e i muscoli facciali.<\/p><p>Laura \u00e8 anche un'istruttrice qualificata di Nordic Walking formata da Francis Mitchell del Method Putkisto di Londra.<\/p>\t\t\t\t\t\t\t\t<\/div>\n\t\t\t\t<\/div>\n\t\t<div class=\"elementor-element elementor-element-e3893d0 e-con-full e-flex e-con e-parent\" data-id=\"e3893d0\" data-element_type=\"container\" data-e-type=\"container\" data-settings=\"{&quot;background_background&quot;:&quot;classic&quot;}\">\n\t\t\t\t<div class=\"elementor-element elementor-element-32037d3 elementor-widget elementor-widget-spacer\" data-id=\"32037d3\" data-element_type=\"widget\" data-e-type=\"widget\" data-widget_type=\"spacer.default\">\n\t\t\t\t\t\t\t<div class=\"elementor-spacer\">\n\t\t\t<div class=\"elementor-spacer-inner\"><\/div>\n\t\t<\/div>\n\t\t\t\t\t\t<\/div>\n\t\t\t\t<\/div>\n\t\t<div class=\"elementor-element elementor-element-c1d29cd e-con-full e-flex e-con e-parent\" data-id=\"c1d29cd\" data-element_type=\"container\" data-e-type=\"container\">\n\t\t\t\t<div class=\"elementor-element elementor-element-029d821 elementor-widget elementor-widget-heading\" data-id=\"029d821\" data-element_type=\"widget\" data-e-type=\"widget\" data-widget_type=\"heading.default\">\n\t\t\t\t\t<span class=\"elementor-heading-title elementor-size-default\">I pomeriggi saranno liberi per consentire la visita di attrazioni locali come le sorgenti termali di Saturnia, Pitigliano, il lago di Bolsena.<\/span>\t\t\t\t<\/div>\n\t\t\t\t<div class=\"elementor-element elementor-element-ea18437 elementor-widget elementor-widget-heading\" data-id=\"ea18437\" data-element_type=\"widget\" data-e-type=\"widget\" data-widget_type=\"heading.default\">\n\t\t\t\t\t<h2 class=\"elementor-heading-title elementor-size-default\">L'itinerario<\/h2>\t\t\t\t<\/div>\n\t\t\t\t<div class=\"elementor-element elementor-element-6f06866 elementor-widget elementor-widget-text-editor\" data-id=\"6f06866\" data-element_type=\"widget\" data-e-type=\"widget\" data-widget_type=\"text-editor.default\">\n\t\t\t\t\t\t\t\t\t<p><strong>Luned\u00ec<\/strong><\/p><ul><li>Pilates: Tecnica di respirazione e lunghi allungamenti per aprire il corpo e prepararlo al lavoro sul core. Familiarizzazione con lo strumento respiratorio del diaframma e il suo ruolo intrinseco nel benessere.<\/li><li>Sessione corpo: Trovare il nostro nucleo addominale attraverso la connessione con il pavimento pelvico, capire come il nucleo si attiva attraverso il lavoro di equilibrio.<\/li><\/ul><p><b>Marted\u00ec<\/b><\/p><ul><li>Pilates: Stretching dei muscoli tesi di piedi, gambe e fianchi; introduzione alla mobilizzazione della colonna vertebrale, tenendo conto delle direzioni di movimento; apertura e allungamento dei piedi e delle dita per favorire l'equilibrio e la deambulazione. Allungamento dei tendini del ginocchio, degli adduttori e degli abduttori della gamba. Introduzione alla consapevolezza degli allungamenti dell'anca e al miglioramento della mobilit\u00e0 articolare e dell'andatura.<\/li><li>Sessione corpo: Lavoro con piccoli attrezzi per concentrarsi sulle connessioni del core. Questa sessione si concentra sul rafforzamento di gambe, glutei e addominali.<\/li><li>Lavoro sul viso - allungamento dei muscoli del collo e delle spalle<\/li><\/ul><p><b>Mercoled\u00ec<\/b><\/p><ul><li>Pilates: Allungare i muscoli tesi del collo, delle braccia e del torace, considerando la postura della parte superiore del corpo e la posizione della testa e della mascella; concentrarsi sulla mobilizzazione della colonna vertebrale, considerando le direzioni del movimento; costruire gli allungamenti delle gambe e delle anche.<\/li><li>Sessione corporea: allenamento completo con particolare attenzione alla forza della parte superiore del corpo.<\/li><\/ul><p><b>Gioved\u00ec<\/b><\/p><ul><li>Pilates che mette in pratica tutti gli allungamenti appresi durante la settimana per allungare e riposizionare il corpo.<\/li><li>Sessione di lavoro corporeo: Allenamento con la Triad Ball<\/li><li>Face Work solleva e rilascia i muscoli facciali<\/li><\/ul><p><b>Venerd\u00ec<\/b><\/p><ul><li>Allenamento completo della colonna vertebrale con il Pilates a integrazione totale<\/li><li>Sessione corpo: Sessione classica sul tappeto<\/li><\/ul><p><strong>Le lezioni facoltative di meditazione, bagno sonoro, qi gong e yoga possono essere integrate nel programma la sera durante la settimana.<\/strong><\/p>\t\t\t\t\t\t\t\t<\/div>\n\t\t\t\t<\/div>\n\t\t\t\t<\/div>\n\t\t\t\t\t<\/div>\n\t\t\t\t<\/div>\n\t\t\t\t<\/div>","protected":false},"excerpt":{"rendered":"<p>Glow pilates vi invita a un ritiro toscano \"Essere \u00e8 facile quando lo permetti...\". Respirate, rafforzate e allungate la vita con Laura Anderson Mancini Uscite dalla routine e immergetevi nella calma ristoratrice della campagna toscana. Un momento per immergersi nel benessere in uno dei luoghi pi\u00f9 belli del mondo...<\/p>","protected":false},"author":3,"featured_media":0,"parent":0,"menu_order":4,"comment_status":"closed","ping_status":"closed","template":"elementor_header_footer","meta":{"_kad_post_transparent":"default","_kad_post_title":"default","_kad_post_layout":"default","_kad_post_sidebar_id":"","_kad_post_content_style":"default","_kad_post_vertical_padding":"default","_kad_post_feature":"","_kad_post_feature_position":"","_kad_post_header":false,"_kad_post_footer":false,"_kad_post_classname":"","footnotes":""},"class_list":["post-715","page","type-page","status-publish","hentry"],"_links":{"self":[{"href":"https:\/\/poderepalazzina.com\/it\/wp-json\/wp\/v2\/pages\/715","targetHints":{"allow":["GET"]}}],"collection":[{"href":"https:\/\/poderepalazzina.com\/it\/wp-json\/wp\/v2\/pages"}],"about":[{"href":"https:\/\/poderepalazzina.com\/it\/wp-json\/wp\/v2\/types\/page"}],"author":[{"embeddable":true,"href":"https:\/\/poderepalazzina.com\/it\/wp-json\/wp\/v2\/users\/3"}],"replies":[{"embeddable":true,"href":"https:\/\/poderepalazzina.com\/it\/wp-json\/wp\/v2\/comments?post=715"}],"version-history":[{"count":0,"href":"https:\/\/poderepalazzina.com\/it\/wp-json\/wp\/v2\/pages\/715\/revisions"}],"wp:attachment":[{"href":"https:\/\/poderepalazzina.com\/it\/wp-json\/wp\/v2\/media?parent=715"}],"curies":[{"name":"wp","href":"https:\/\/api.w.org\/{rel}","templated":true}]}}